{"id":3228,"date":"2022-10-26T13:42:41","date_gmt":"2022-10-26T10:42:41","guid":{"rendered":"https:\/\/kuvarz.com\/current-information\/"},"modified":"2025-02-19T10:01:25","modified_gmt":"2025-02-19T07:01:25","slug":"current-information","status":"publish","type":"page","link":"https:\/\/kuvarz.com\/en\/current-information\/","title":{"rendered":"Current Information"},"content":{"rendered":"\n\n\t<section class=\"section\" id=\"section_1890038967\">\n\t\t<div class=\"section-bg fill\" >\n\t\t\t\t\t\t\t\t\t\n\t\t\t\n\t<div class=\"is-border\"\n\t\tstyle=\"border-color:rgb(235, 235, 235);border-width:1px 0px 0px 0px;\">\n\t<\/div>\n\n\t\t<\/div>\n\n\t\t\n\n\t\t<div class=\"section-content relative\">\n\t\t\t\n\n<div class=\"row row-large align-middle align-center\"  id=\"row-62722052\">\n\n\n\t<div id=\"col-737532940\" class=\"col medium-7 small-12 large-7\"  >\n\t\t\t\t<div class=\"col-inner text-center\"  >\n\t\t\t\n\t\t\t\n\n<h2 class=\"uppercase\">Current &amp; Invoice Information<\/h2>\n<p>Official information about our company is given below.<\/p>\n\n<a href=\"https:\/\/kuvarz.com\/wp-content\/uploads\/2022\/10\/kuvarz-ltd-cari-bilgiler.pdf\" target=\"_blank\" class=\"button primary\" rel=\"noopener\" >\n\t\t<span>Download<\/span>\n\t<\/a>\n\n\n\n\t\t<\/div>\n\t\t\t\t\t<\/div>\n\n\t\n\n\t<div id=\"col-385380179\" class=\"col medium-5 small-12 large-5\"  >\n\t\t\t\t<div class=\"col-inner box-shadow-2 box-shadow-5-hover\" style=\"background-color:rgb(255, 255, 255);\" >\n\t\t\t\n\t\t\t\n\n\t<div class=\"img has-hover x md-x lg-x y md-y lg-y\" id=\"image_19213547\">\n\t\t\t\t\t\t\t\t<div class=\"img-inner image-cover dark\" style=\"padding-top:56.25%;\">\n\t\t\t<img loading=\"lazy\" decoding=\"async\" width=\"1017\" height=\"637\" src=\"https:\/\/kuvarz.com\/wp-content\/uploads\/2022\/10\/kuvarz-ltd-kartvizit.png\" class=\"attachment-original size-original\" alt=\"\" srcset=\"https:\/\/kuvarz.com\/wp-content\/uploads\/2022\/10\/kuvarz-ltd-kartvizit.png 1017w, https:\/\/kuvarz.com\/wp-content\/uploads\/2022\/10\/kuvarz-ltd-kartvizit-639x400.png 639w, https:\/\/kuvarz.com\/wp-content\/uploads\/2022\/10\/kuvarz-ltd-kartvizit-768x481.png 768w\" sizes=\"auto, (max-width: 1017px) 100vw, 1017px\" \/>\t\t\t\t\t\t\n\t\t\t\t\t<\/div>\n\t\t\t\t\t\t\t\t\n<style>\n#image_19213547 {\n  width: 100%;\n}\n<\/style>\n\t<\/div>\n\t\n\n\n\t\t<\/div>\n\t\t\t\t\t<\/div>\n\n\t\n\n<\/div>\n\n\t\t<\/div>\n\n\t\t\n<style>\n#section_1890038967 {\n  padding-top: 30px;\n  padding-bottom: 30px;\n  background-color: rgb(228, 228, 228);\n}\n<\/style>\n\t<\/section>\n\t\n\n\t<section class=\"section\" id=\"section_780378128\">\n\t\t<div class=\"section-bg fill\" >\n\t\t\t\t\t\t\t\t\t\n\t\t\t\n\n\t\t<\/div>\n\n\t\t\n\n\t\t<div class=\"section-content relative\">\n\t\t\t\n\n<div class=\"row row-large steps-simple-headline\"  id=\"row-1460181343\">\n\n\n\t<div id=\"col-82830299\" class=\"col medium-8 small-12 large-12\"  >\n\t\t\t\t<div class=\"col-inner text-center\"  >\n\t\t\t\n\t\t\t\n\n<div class=\"row row-collapse\"  id=\"row-1340174711\">\n\n\n\t<div id=\"col-1352266986\" class=\"col small-10 large-12\"  >\n\t\t\t\t<div class=\"col-inner\"  >\n\t\t\t\n\t\t\t\n\n\t<div id=\"text-2788578546\" class=\"text\">\n\t\t\n\n<p><strong>Title<\/strong> Kuvarz Gastronomy Equipment Agriculture and Foreign Trade LTD \u015eT\u0130<\/p>\n\t\t\n<style>\n#text-2788578546 {\n  text-align: center;\n}\n<\/style>\n\t<\/div>\n\t\n\n\t\t<\/div>\n\t\t\t\t\t<\/div>\n\n\t\n\n<\/div>\n<div class=\"is-divider divider clearfix\" style=\"margin-top:10px;margin-bottom:10px;max-width:100%;height:1px;\"><\/div>\n\n<div class=\"row row-collapse\"  id=\"row-131978262\">\n\n\n\t<div id=\"col-1906756916\" class=\"col small-10 large-12\"  >\n\t\t\t\t<div class=\"col-inner\"  >\n\t\t\t\n\t\t\t\n\n\t<div id=\"text-416414325\" class=\"text\">\n\t\t\n\n<p><strong>Address<\/strong> \u0130kitelli OSB Sara\u00e7lar Sitesi 13.Blok No:59 Ba\u015fak\u015fehir Istanbul Turkey<\/p>\n\t\t\n<style>\n#text-416414325 {\n  text-align: center;\n}\n<\/style>\n\t<\/div>\n\t\n\n\t\t<\/div>\n\t\t\t\t\t<\/div>\n\n\t\n\n<\/div>\n<div class=\"is-divider divider clearfix\" style=\"margin-top:10px;margin-bottom:10px;max-width:100%;height:1px;\"><\/div>\n\n<div class=\"row row-collapse align-middle\"  id=\"row-391276521\">\n\n\n\t<div id=\"col-323341089\" class=\"col small-10 large-12\"  >\n\t\t\t\t<div class=\"col-inner text-center\"  >\n\t\t\t\n\t\t\t\n\n<p><strong>Tax Office \/ No:<\/strong> \u0130kitelli \/ 3331567727<\/p>\n\n\t\t<\/div>\n\t\t\t\t\t<\/div>\n\n\t\n\n<\/div>\n<div class=\"is-divider divider clearfix\" style=\"margin-top:10px;margin-bottom:10px;max-width:100%;height:1px;\"><\/div>\n\n<div class=\"row row-collapse align-middle\"  id=\"row-249425758\">\n\n\n\t<div id=\"col-583978112\" class=\"col small-10 large-12\"  >\n\t\t\t\t<div class=\"col-inner text-center\"  >\n\t\t\t\n\t\t\t\n\n\t<div id=\"text-7528474\" class=\"text\">\n\t\t\n\n<p><strong>Chamber of Commerce \/ Sici No:<\/strong> ITO \/ 155286-5<\/p>\n\t\t\n<style>\n#text-7528474 {\n  text-align: center;\n}\n<\/style>\n\t<\/div>\n\t\n\n\t\t<\/div>\n\t\t\t\t\t<\/div>\n\n\t\n\n<\/div>\n<div class=\"is-divider divider clearfix\" style=\"margin-top:10px;margin-bottom:10px;max-width:100%;height:1px;\"><\/div>\n\n<div class=\"row row-collapse align-middle\"  id=\"row-895077138\">\n\n\n\t<div id=\"col-1979832052\" class=\"col small-10 large-12\"  >\n\t\t\t\t<div class=\"col-inner\"  >\n\t\t\t\n\t\t\t\n\n\t<div id=\"text-2841008087\" class=\"text\">\n\t\t\n\n<p><strong>Mersis No<\/strong>: 0333156772700001<\/p>\n\t\t\n<style>\n#text-2841008087 {\n  text-align: center;\n}\n<\/style>\n\t<\/div>\n\t\n\n\t\t<\/div>\n\t\t\t\t\t<\/div>\n\n\t\n\n<\/div>\n<div class=\"is-divider divider clearfix\" style=\"margin-top:10px;margin-bottom:10px;max-width:100%;height:1px;\"><\/div>\n\n<div class=\"row row-collapse align-middle\"  id=\"row-1526503952\">\n\n\n\t<div id=\"col-1285079974\" class=\"col small-10 large-12\"  >\n\t\t\t\t<div class=\"col-inner\"  >\n\t\t\t\n\t\t\t\n\n\t<div id=\"text-3545221801\" class=\"text\">\n\t\t\n\n<p><strong>E-mail:<\/strong> bilgi@kuvarz.com<\/p>\n\t\t\n<style>\n#text-3545221801 {\n  text-align: center;\n}\n<\/style>\n\t<\/div>\n\t\n\n\t\t<\/div>\n\t\t\t\t\t<\/div>\n\n\t\n\n<\/div>\n<div class=\"is-divider divider clearfix\" style=\"margin-top:10px;margin-bottom:10px;max-width:100%;height:1px;\"><\/div>\n\n<div class=\"row row-collapse align-middle\"  id=\"row-987022650\">\n\n\n\t<div id=\"col-195817154\" class=\"col small-10 large-12\"  >\n\t\t\t\t<div class=\"col-inner\"  >\n\t\t\t\n\t\t\t\n\n\t<div id=\"text-1243852115\" class=\"text\">\n\t\t\n\n<p><strong>Telephone:<\/strong> +90 212 951 00 65<\/p>\n\t\t\n<style>\n#text-1243852115 {\n  text-align: center;\n}\n<\/style>\n\t<\/div>\n\t\n\n\t\t<\/div>\n\t\t\t\t\t<\/div>\n\n\t\n\n<\/div>\n<div class=\"is-divider divider clearfix\" style=\"margin-top:10px;margin-bottom:10px;max-width:100%;height:1px;\"><\/div>\n\n<div class=\"row row-collapse align-middle\"  id=\"row-1749881600\">\n\n\n\t<div id=\"col-1938164107\" class=\"col small-10 large-12\"  >\n\t\t\t\t<div class=\"col-inner\"  >\n\t\t\t\n\t\t\t\n\n\t<div id=\"text-3526637405\" class=\"text\">\n\t\t\n\n<p><strong>KEP: <\/strong>elsanat@hs01.kep.tr<\/p>\n\t\t\n<style>\n#text-3526637405 {\n  text-align: center;\n}\n<\/style>\n\t<\/div>\n\t\n\n\t\t<\/div>\n\t\t\t\t\t<\/div>\n\n\t\n\n<\/div>\n\n\t\t<\/div>\n\t\t\t\t\t<\/div>\n\n\t\n\n<\/div>\n\n\t\t<\/div>\n\n\t\t\n<style>\n#section_780378128 {\n  padding-top: 60px;\n  padding-bottom: 60px;\n}\n<\/style>\n\t<\/section>\n\t\n","protected":false},"excerpt":{"rendered":"","protected":false},"author":1,"featured_media":2475,"parent":0,"menu_order":0,"comment_status":"closed","ping_status":"closed","template":"","meta":{"footnotes":""},"class_list":["post-3228","page","type-page","status-publish","has-post-thumbnail","hentry"],"_links":{"self":[{"href":"https:\/\/kuvarz.com\/en\/wp-json\/wp\/v2\/pages\/3228","targetHints":{"allow":["GET"]}}],"collection":[{"href":"https:\/\/kuvarz.com\/en\/wp-json\/wp\/v2\/pages"}],"about":[{"href":"https:\/\/kuvarz.com\/en\/wp-json\/wp\/v2\/types\/page"}],"author":[{"embeddable":true,"href":"https:\/\/kuvarz.com\/en\/wp-json\/wp\/v2\/users\/1"}],"replies":[{"embeddable":true,"href":"https:\/\/kuvarz.com\/en\/wp-json\/wp\/v2\/comments?post=3228"}],"version-history":[{"count":1,"href":"https:\/\/kuvarz.com\/en\/wp-json\/wp\/v2\/pages\/3228\/revisions"}],"predecessor-version":[{"id":3315,"href":"https:\/\/kuvarz.com\/en\/wp-json\/wp\/v2\/pages\/3228\/revisions\/3315"}],"wp:featuredmedia":[{"embeddable":true,"href":"https:\/\/kuvarz.com\/en\/wp-json\/wp\/v2\/media\/2475"}],"wp:attachment":[{"href":"https:\/\/kuvarz.com\/en\/wp-json\/wp\/v2\/media?parent=3228"}],"curies":[{"name":"wp","href":"https:\/\/api.w.org\/{rel}","templated":true}]}}