{"id":3236,"date":"2016-04-06T11:55:17","date_gmt":"2016-04-06T08:55:17","guid":{"rendered":"https:\/\/kuvarz.com\/contact\/"},"modified":"2025-11-21T11:51:25","modified_gmt":"2025-11-21T08:51:25","slug":"contact","status":"publish","type":"page","link":"https:\/\/kuvarz.com\/en\/contact\/","title":{"rendered":"Contact"},"content":{"rendered":"\n\n\t<section class=\"section\" id=\"section_1830920519\">\n\t\t<div class=\"section-bg fill\" >\n\t\t\t\t\t\t\t\t\t\n\t\t\t\n\n\t\t<\/div>\n\n\t\t\n\n\t\t<div class=\"section-content relative\">\n\t\t\t\n\n<div class=\"row align-center\"  id=\"row-695512038\">\n\n\n\t<div id=\"col-839528623\" class=\"col medium-8 small-11 large-7\"  >\n\t\t\t\t<div class=\"col-inner text-center\"  >\n\t\t\t\n\t\t\t\n\n<p> <\/p>\n<h2 style=\"font-size: 200%;\">Contact us<\/h2>\n<p>You can fill out the form below to contact us. You can visit our office if you wish. <\/p>\n\n\t\t<\/div>\n\t\t\t\t\t<\/div>\n\n\t\n\n<\/div>\n\n\t\t<\/div>\n\n\t\t\n<style>\n#section_1830920519 {\n  padding-top: 30px;\n  padding-bottom: 30px;\n  background-color: rgb(228, 228, 228);\n}\n<\/style>\n\t<\/section>\n\t\n\n\t<section class=\"section\" id=\"section_371074222\">\n\t\t<div class=\"section-bg fill\" >\n\t\t\t\t\t\t\t\t\t\n\t\t\t\n\n\t\t<\/div>\n\n\t\t\n\n\t\t<div class=\"section-content relative\">\n\t\t\t\n\n<div class=\"row\"  id=\"row-1291980382\">\n\n\n\t<div id=\"col-1858496064\" class=\"col small-12 large-12\"  >\n\t\t\t\t<div class=\"col-inner\" style=\"background-color:rgb(255, 255, 255);\" >\n\t\t\t\n\t\t\t\n\n<div class=\"row row-collapse\"  id=\"row-1711710329\">\n\n\n\t<div id=\"col-2098660265\" class=\"col medium-12 small-12 large-6\"  >\n\t\t\t\t<div class=\"col-inner text-center box-shadow-4\" style=\"background-color:rgb(243, 242, 242);\" >\n\t\t\t\n\t\t\t\n\n\t<div class=\"box has-hover   has-hover box-text-bottom\" >\n\n\t\t<div class=\"box-image\" >\n\t\t\t\t\t\t<div class=\"\" >\n\t\t\t\t<img loading=\"lazy\" decoding=\"async\" width=\"2560\" height=\"1707\" src=\"https:\/\/kuvarz.com\/wp-content\/uploads\/2022\/10\/outside-1-scaled.jpg\" class=\"attachment- size-\" alt=\"\" srcset=\"https:\/\/kuvarz.com\/wp-content\/uploads\/2022\/10\/outside-1-scaled.jpg 2560w, https:\/\/kuvarz.com\/wp-content\/uploads\/2022\/10\/outside-1-600x400.jpg 600w, https:\/\/kuvarz.com\/wp-content\/uploads\/2022\/10\/outside-1-1200x800.jpg 1200w, https:\/\/kuvarz.com\/wp-content\/uploads\/2022\/10\/outside-1-768x512.jpg 768w, https:\/\/kuvarz.com\/wp-content\/uploads\/2022\/10\/outside-1-1536x1024.jpg 1536w, https:\/\/kuvarz.com\/wp-content\/uploads\/2022\/10\/outside-1-2048x1366.jpg 2048w\" sizes=\"auto, (max-width: 2560px) 100vw, 2560px\" \/>\t\t\t\t\t\t\t\t\t\t\t<\/div>\n\t\t\t\t\t<\/div>\n\n\t\t<div class=\"box-text text-center\" style=\"padding:20px 0px 0px 0px;\">\n\t\t\t<div class=\"box-text-inner\">\n\t\t\t\t\n\n<h6>Production &amp; Warehouse<\/h6>\n\t<div id=\"text-1303629152\" class=\"text\">\n\t\t\n\n<h3>Ikitelli O.S.B.<\/h3>\n\t\t\n<style>\n#text-1303629152 {\n  font-size: 1.25rem;\n  line-height: 1;\n}\n<\/style>\n\t<\/div>\n\t\n<p>\u0130kitelli OSB Sara\u00e7lar Sitesi 13.Blok No:59<\/p>\n<p>Ba\u015fak\u015fehir \u0130stanbul T\u00fcrkiye<\/p>\n<p><span style=\"color: #282828;\"><strong>(Please make an appointment before your visit. Otherwise we may not be able to serve you).<\/strong><\/span><\/p>\n\n\t\t\t<\/div>\n\t\t<\/div>\n\t<\/div>\n\t\n\n\t\t<\/div>\n\t\t\t\t\n<style>\n#col-2098660265 > .col-inner {\n  padding: 50px 30px 10px 30px;\n}\n@media (min-width:550px) {\n  #col-2098660265 > .col-inner {\n    padding: 60px 70px 30px 70px;\n  }\n}\n<\/style>\n\t<\/div>\n\n\t\n\n\t<div id=\"col-154406783\" class=\"col medium-12 small-12 large-6\"  >\n\t\t\t\t<div class=\"col-inner box-shadow-4\"  >\n\t\t\t\n\t\t\t\n\n\n\n<iframe src=\"https:\/\/www.google.com\/maps\/embed?pb=!1m14!1m8!1m3!1d1503.6785899757751!2d28.786854667540016!3d41.08304192602776!3m2!1i1024!2i768!4f13.1!3m3!1m2!1s0x0%3A0xe7c7c4239c85553a!2sKuvarz%20Gastronomi%20Ekipmanlar%C4%B1%20-%20%C3%9Cretim%20%26%20Depo!5e0!3m2!1str!2str!4v1666797185873!5m2!1str!2str\" width=\"100%\" height=\"527\" style=\"border:0;\" allowfullscreen=\"\" loading=\"lazy\" referrerpolicy=\"no-referrer-when-downgrade\"><\/iframe>\n\n\n\t\t<\/div>\n\t\t\t\t\n<style>\n#col-154406783 > .col-inner {\n  padding: 0px 0px 0px 0px;\n  margin: 0px 0px 0px 0px;\n}\n<\/style>\n\t<\/div>\n\n\t\n\n<\/div>\n\n\t\t<\/div>\n\t\t\t\t\t<\/div>\n\n\t\n\n<\/div>\n\n\t\t<\/div>\n\n\t\t\n<style>\n#section_371074222 {\n  padding-top: 60px;\n  padding-bottom: 60px;\n}\n@media (min-width:850px) {\n  #section_371074222 {\n    padding-top: 90px;\n    padding-bottom: 90px;\n  }\n}\n<\/style>\n\t<\/section>\n\t\n<div class=\"row align-center\"  id=\"row-185665244\">\n\n\n\t<div id=\"col-1772332498\" class=\"col small-12 large-12\"  >\n\t\t\t\t<div class=\"col-inner\"  >\n\t\t\t\n\t\t\t\n\n\n\t<section class=\"section\" id=\"section_1129909195\">\n\t\t<div class=\"section-bg fill\" >\n\t\t\t\t\t\t\t\t\t\n\t\t\t\n\t<div class=\"is-border\"\n\t\tstyle=\"border-color:rgb(235, 235, 235);border-width:1px 1px 1px 1px;\">\n\t<\/div>\n\n\t\t<\/div>\n\n\t\t\n\n\t\t<div class=\"section-content relative\">\n\t\t\t\n\n<div class=\"row row-large\"  id=\"row-1360030895\">\n\n\n\t<div id=\"col-2118769008\" class=\"col medium-8 small-12 large-8\"  >\n\t\t\t\t<div class=\"col-inner\"  >\n\t\t\t\n\t\t\t\n\n\n<div class=\"wpcf7 no-js\" id=\"wpcf7-f6-o1\" lang=\"tr-TR\" dir=\"ltr\" data-wpcf7-id=\"6\">\n<div class=\"screen-reader-response\"><p role=\"status\" aria-live=\"polite\" aria-atomic=\"true\"><\/p> <ul><\/ul><\/div>\n<form action=\"\/en\/wp-json\/wp\/v2\/pages\/3236#wpcf7-f6-o1\" method=\"post\" class=\"wpcf7-form init\" aria-label=\"\u0130leti\u015fim Formu\" novalidate=\"novalidate\" data-status=\"init\">\n<fieldset class=\"hidden-fields-container\"><input type=\"hidden\" name=\"_wpcf7\" value=\"6\" \/><input type=\"hidden\" name=\"_wpcf7_version\" value=\"6.1.5\" \/><input type=\"hidden\" name=\"_wpcf7_locale\" value=\"tr_TR\" \/><input type=\"hidden\" name=\"_wpcf7_unit_tag\" value=\"wpcf7-f6-o1\" \/><input type=\"hidden\" name=\"_wpcf7_container_post\" value=\"0\" \/><input type=\"hidden\" name=\"_wpcf7_posted_data_hash\" value=\"\" \/><input type=\"hidden\" name=\"_wpcf7_recaptcha_response\" value=\"\" \/>\n<\/fieldset>\n<p><label> Ad\u0131n\u0131z<br \/>\n<span class=\"wpcf7-form-control-wrap\" data-name=\"your-name\"><input size=\"40\" maxlength=\"400\" class=\"wpcf7-form-control wpcf7-text wpcf7-validates-as-required\" aria-required=\"true\" aria-invalid=\"false\" value=\"\" type=\"text\" name=\"your-name\" \/><\/span> <\/label>\n<\/p>\n<p><label> E-posta adresiniz<br \/>\n<span class=\"wpcf7-form-control-wrap\" data-name=\"your-email\"><input size=\"40\" maxlength=\"400\" class=\"wpcf7-form-control wpcf7-email wpcf7-validates-as-required wpcf7-text wpcf7-validates-as-email\" aria-required=\"true\" aria-invalid=\"false\" value=\"\" type=\"email\" name=\"your-email\" \/><\/span> <\/label>\n<\/p>\n<p><label> Konu<br \/>\n<span class=\"wpcf7-form-control-wrap\" data-name=\"your-subject\"><input size=\"40\" maxlength=\"400\" class=\"wpcf7-form-control wpcf7-text wpcf7-validates-as-required\" aria-required=\"true\" aria-invalid=\"false\" value=\"\" type=\"text\" name=\"your-subject\" \/><\/span> <\/label>\n<\/p>\n<p><label> \u0130letiniz (tercihe ba\u011fl\u0131)<br \/>\n<span class=\"wpcf7-form-control-wrap\" data-name=\"your-message\"><textarea cols=\"40\" rows=\"10\" maxlength=\"2000\" class=\"wpcf7-form-control wpcf7-textarea\" aria-invalid=\"false\" name=\"your-message\"><\/textarea><\/span> <\/label>\n<\/p>\n<p><input class=\"wpcf7-form-control wpcf7-submit has-spinner\" type=\"submit\" value=\"G\u00f6nder\" \/>\n<\/p><div class=\"wpcf7-response-output\" aria-hidden=\"true\"><\/div>\n<\/form>\n<\/div>\n\n\n\n\t\t<\/div>\n\t\t\t\t\t<\/div>\n\n\t\n\n\t<div id=\"col-1840365115\" class=\"col medium-4 small-12 large-4\"  >\n\t\t\t\t<div class=\"col-inner\"  >\n\t\t\t\n\t\t\t\n\n<h5>Kuvarz Gastronomi LTD<\/h5>\n\t<div id=\"gap-1675138797\" class=\"gap-element clearfix\" style=\"display:block; height:auto;\">\n\t\t\n<style>\n#gap-1675138797 {\n  padding-top: 20px;\n}\n<\/style>\n\t<\/div>\n\t\n\n\t<div id=\"text-935473175\" class=\"text\">\n\t\t\n\n<p><strong>Phone:<\/strong>+90 212 951 00 65<\/p>\n<p><strong>Whatsapp Support:<\/strong><a href=\"http:\/\/wa.me\/902129510065\" target=\"_blank\" rel=\"noopener\">+90 212 951 00 65<\/a><\/p>\n<p><strong>Email:<\/strong><a href=\"mailto:bilgi@kuvarz.com\">bilgi@kuvarz.com<\/a><\/p>\n\t\t\n<style>\n#text-935473175 {\n  font-size: 1rem;\n}\n<\/style>\n\t<\/div>\n\t\n\t<div id=\"gap-1825114409\" class=\"gap-element clearfix\" style=\"display:block; height:auto;\">\n\t\t\n<style>\n#gap-1825114409 {\n  padding-top: 20px;\n}\n<\/style>\n\t<\/div>\n\t\n\n<h5>Follow<\/h5>\n\t<div id=\"gap-104988988\" class=\"gap-element clearfix\" style=\"display:block; height:auto;\">\n\t\t\n<style>\n#gap-104988988 {\n  padding-top: 20px;\n}\n<\/style>\n\t<\/div>\n\t\n\n<div class=\"social-icons follow-icons\" style=\"font-size:80%\"><a href=\"https:\/\/www.facebook.com\/kuvarz\/\" target=\"_blank\" data-label=\"Facebook\" class=\"icon primary button circle tooltip facebook\" title=\"Follow on Facebook\" aria-label=\"Follow on Facebook\" rel=\"noopener nofollow\"><i class=\"icon-facebook\" aria-hidden=\"true\"><\/i><\/a><a href=\"https:\/\/www.instagram.com\/kuvarzltd\/\" target=\"_blank\" data-label=\"Instagram\" class=\"icon primary button circle tooltip instagram\" title=\"Follow on Instagram\" aria-label=\"Follow on Instagram\" rel=\"noopener nofollow\"><i class=\"icon-instagram\" aria-hidden=\"true\"><\/i><\/a><a href=\"https:\/\/x.com\/kuvarzltd\" data-label=\"X\" target=\"_blank\" class=\"icon primary button circle tooltip x\" title=\"Follow on X\" aria-label=\"Follow on X\" rel=\"noopener nofollow\"><i class=\"icon-x\" aria-hidden=\"true\"><\/i><\/a><a href=\"mailto:bilgi@kuvarz.com\" data-label=\"E-mail\" target=\"_blank\" class=\"icon primary button circle tooltip email\" title=\"Send us an email\" aria-label=\"Send us an email\" rel=\"nofollow noopener\"><i class=\"icon-envelop\" aria-hidden=\"true\"><\/i><\/a><a href=\"tel:+90 212 951 0065\" data-label=\"Phone\" target=\"_blank\" class=\"icon primary button circle tooltip phone\" title=\"Call us\" aria-label=\"Call us\" rel=\"nofollow noopener\"><i class=\"icon-phone\" aria-hidden=\"true\"><\/i><\/a><a href=\"https:\/\/www.linkedin.com\/company\/kuvarz\/\" data-label=\"LinkedIn\" target=\"_blank\" class=\"icon primary button circle tooltip linkedin\" title=\"Follow on LinkedIn\" aria-label=\"Follow on LinkedIn\" rel=\"noopener nofollow\"><i class=\"icon-linkedin\" aria-hidden=\"true\"><\/i><\/a><\/div>\n\n\n\t\t<\/div>\n\t\t\t\t\t<\/div>\n\n\t\n\n\n<style>\n#row-1360030895 > .col > .col-inner {\n  padding: 10px 10px 10px 10px;\n}\n@media (min-width:550px) {\n  #row-1360030895 > .col > .col-inner {\n    padding: 30px 30px 0 30px;\n  }\n}\n<\/style>\n<\/div>\n\n\t\t<\/div>\n\n\t\t\n<style>\n#section_1129909195 {\n  padding-top: 30px;\n  padding-bottom: 30px;\n}\n<\/style>\n\t<\/section>\n\t\n\n\t\t<\/div>\n\t\t\t\t\n<style>\n#col-1772332498 > .col-inner {\n  margin: 0px 0px 30px 0px;\n}\n<\/style>\n\t<\/div>\n\n\t\n\n<\/div>\n\n","protected":false},"excerpt":{"rendered":"","protected":false},"author":1,"featured_media":0,"parent":0,"menu_order":0,"comment_status":"closed","ping_status":"closed","template":"","meta":{"footnotes":""},"class_list":["post-3236","page","type-page","status-publish","hentry"],"_links":{"self":[{"href":"https:\/\/kuvarz.com\/en\/wp-json\/wp\/v2\/pages\/3236","targetHints":{"allow":["GET"]}}],"collection":[{"href":"https:\/\/kuvarz.com\/en\/wp-json\/wp\/v2\/pages"}],"about":[{"href":"https:\/\/kuvarz.com\/en\/wp-json\/wp\/v2\/types\/page"}],"author":[{"embeddable":true,"href":"https:\/\/kuvarz.com\/en\/wp-json\/wp\/v2\/users\/1"}],"replies":[{"embeddable":true,"href":"https:\/\/kuvarz.com\/en\/wp-json\/wp\/v2\/comments?post=3236"}],"version-history":[{"count":6,"href":"https:\/\/kuvarz.com\/en\/wp-json\/wp\/v2\/pages\/3236\/revisions"}],"predecessor-version":[{"id":3511,"href":"https:\/\/kuvarz.com\/en\/wp-json\/wp\/v2\/pages\/3236\/revisions\/3511"}],"wp:attachment":[{"href":"https:\/\/kuvarz.com\/en\/wp-json\/wp\/v2\/media?parent=3236"}],"curies":[{"name":"wp","href":"https:\/\/api.w.org\/{rel}","templated":true}]}}