{"id":3244,"date":"2022-10-26T14:28:22","date_gmt":"2022-10-26T11:28:22","guid":{"rendered":"https:\/\/kuvarz.com\/payment-options\/"},"modified":"2024-01-16T18:18:14","modified_gmt":"2024-01-16T15:18:14","slug":"payment-options","status":"publish","type":"page","link":"https:\/\/kuvarz.com\/en\/payment-options\/","title":{"rendered":"Payment Options"},"content":{"rendered":"\n\n\t<section class=\"section\" id=\"section_538987348\">\n\t\t<div class=\"section-bg fill\" >\n\t\t\t\t\t\t\t\t\t\n\t\t\t\n\t<div class=\"is-border\"\n\t\tstyle=\"border-color:rgb(235, 235, 235);border-width:1px 0px 0px 0px;\">\n\t<\/div>\n\n\t\t<\/div>\n\n\t\t\n\n\t\t<div class=\"section-content relative\">\n\t\t\t\n\n<div class=\"row row-large align-middle align-center\"  id=\"row-336326281\">\n\n\n\t<div id=\"col-467271451\" class=\"col medium-5 small-12 large-5\"  >\n\t\t\t\t<div class=\"col-inner box-shadow-2 box-shadow-5-hover\"  >\n\t\t\t\n\t\t\t\n\n\t<div class=\"img has-hover x md-x lg-x y md-y lg-y\" id=\"image_251161914\">\n\t\t\t\t\t\t\t\t<div class=\"img-inner image-cover dark\" style=\"padding-top:50%;\">\n\t\t\t<img loading=\"lazy\" decoding=\"async\" width=\"775\" height=\"430\" src=\"https:\/\/kuvarz.com\/wp-content\/uploads\/2022\/10\/digital-banks.jpg\" class=\"attachment-original size-original\" alt=\"\" srcset=\"https:\/\/kuvarz.com\/wp-content\/uploads\/2022\/10\/digital-banks.jpg 775w, https:\/\/kuvarz.com\/wp-content\/uploads\/2022\/10\/digital-banks-721x400.jpg 721w, https:\/\/kuvarz.com\/wp-content\/uploads\/2022\/10\/digital-banks-768x426.jpg 768w\" sizes=\"auto, (max-width: 775px) 100vw, 775px\" \/>\t\t\t\t\t\t\n\t\t\t\t\t<\/div>\n\t\t\t\t\t\t\t\t\n<style>\n#image_251161914 {\n  width: 100%;\n}\n<\/style>\n\t<\/div>\n\t\n\n\n\t\t<\/div>\n\t\t\t\t\t<\/div>\n\n\t\n\n\t<div id=\"col-1267394943\" class=\"col medium-7 small-12 large-7\"  >\n\t\t\t\t<div class=\"col-inner text-center\"  >\n\t\t\t\n\t\t\t\n\n<h2 class=\"alt-font\">Bank Information<\/h2>\n<p class=\"alt-font\"><strong>Kuvarz Gastronomy Equipment Agriculture and Foreign Trade Limited Company<\/strong><\/p>\n<p class=\"alt-font\">(This title must be used as the account name for all payments)<\/p>\n\n\t\t<\/div>\n\t\t\t\t\t<\/div>\n\n\t\n\n<\/div>\n\n\t\t<\/div>\n\n\t\t\n<style>\n#section_538987348 {\n  padding-top: -30px;\n  padding-bottom: -30px;\n  background-color: rgb(228, 228, 228);\n}\n<\/style>\n\t<\/section>\n\t\n\n\t<section class=\"section\" id=\"section_1063662745\">\n\t\t<div class=\"section-bg fill\" >\n\t\t\t\t\t\t\t\t\t\n\t\t\t\n\n\t\t<\/div>\n\n\t\t\n\n\t\t<div class=\"section-content relative\">\n\t\t\t\n\n<div class=\"row row-small align-equal row-box-shadow-3-hover\"  id=\"row-2006848493\">\n\n\n\t<div id=\"col-1689293871\" class=\"col medium-4 small-12 large-4\"  >\n\t\t\t\t<div class=\"col-inner\" style=\"background-color:rgb(245, 245, 245);\" >\n\t\t\t\n\t\t\t\n\n\n\t\t<div class=\"icon-box featured-box icon-box-center text-center\"  >\n\t\t\t\t\t<div class=\"icon-box-img\" style=\"width: 160px\">\n\t\t\t\t<div class=\"icon\">\n\t\t\t\t\t<div class=\"icon-inner\" >\n\t\t\t\t\t\t<img loading=\"lazy\" decoding=\"async\" width=\"501\" height=\"291\" src=\"https:\/\/kuvarz.com\/wp-content\/uploads\/2022\/10\/vakif-katilim.png\" class=\"attachment-medium size-medium\" alt=\"\" \/>\t\t\t\t\t<\/div>\n\t\t\t\t<\/div>\n\t\t\t<\/div>\n\t\t\t\t<div class=\"icon-box-text last-reset\">\n\t\t\t\t\t\t\t\t\t\n\n\t<div id=\"text-4281146898\" class=\"text\">\n\t\t\n\n<p class=\"alt-font\">Vak\u0131f Kat\u0131l\u0131m Bankas\u0131 &#8211; <strong>TL<\/strong><\/p>\n\t\t\n<style>\n#text-4281146898 {\n  font-size: 1rem;\n}\n@media (min-width:850px) {\n  #text-4281146898 {\n    font-size: 1.25rem;\n  }\n}\n<\/style>\n\t<\/div>\n\t\n\t<div id=\"gap-1101492124\" class=\"gap-element clearfix\" style=\"display:block; height:auto;\">\n\t\t\n<style>\n#gap-1101492124 {\n  padding-top: 10px;\n}\n<\/style>\n\t<\/div>\n\t\n\n\t<div id=\"text-1857634283\" class=\"text\">\n\t\t\n\n<p class=\"alt-font\"><strong>TR67 0021 0000 0001 9340 4000 01<\/strong><\/p>\n\t\t\n<style>\n#text-1857634283 {\n  font-size: 1rem;\n}\n@media (min-width:850px) {\n  #text-1857634283 {\n    font-size: 1rem;\n  }\n}\n<\/style>\n\t<\/div>\n\t\n\n\t\t<\/div>\n\t<\/div>\n\t\n\t\n\n\t\t<\/div>\n\t\t\t\t\t<\/div>\n\n\t\n\n\t<div id=\"col-1256594001\" class=\"col medium-4 small-12 large-4\"  >\n\t\t\t\t<div class=\"col-inner\" style=\"background-color:rgb(245, 245, 245);\" >\n\t\t\t\n\t\t\t\n\n\n\t\t<div class=\"icon-box featured-box icon-box-center text-center\"  >\n\t\t\t\t\t<div class=\"icon-box-img\" style=\"width: 160px\">\n\t\t\t\t<div class=\"icon\">\n\t\t\t\t\t<div class=\"icon-inner\" >\n\t\t\t\t\t\t<img loading=\"lazy\" decoding=\"async\" width=\"501\" height=\"291\" src=\"https:\/\/kuvarz.com\/wp-content\/uploads\/2022\/10\/vakif-katilim.png\" class=\"attachment-medium size-medium\" alt=\"\" \/>\t\t\t\t\t<\/div>\n\t\t\t\t<\/div>\n\t\t\t<\/div>\n\t\t\t\t<div class=\"icon-box-text last-reset\">\n\t\t\t\t\t\t\t\t\t\n\n\t<div id=\"text-3449180952\" class=\"text\">\n\t\t\n\n<p>Vak\u0131f Kat\u0131l\u0131m Bankas\u0131 &#8211; <strong>USD<\/strong><\/p>\n\t\t\n<style>\n#text-3449180952 {\n  font-size: 1rem;\n}\n@media (min-width:850px) {\n  #text-3449180952 {\n    font-size: 1.25rem;\n  }\n}\n<\/style>\n\t<\/div>\n\t\n\t<div id=\"gap-666718747\" class=\"gap-element clearfix\" style=\"display:block; height:auto;\">\n\t\t\n<style>\n#gap-666718747 {\n  padding-top: 10px;\n}\n<\/style>\n\t<\/div>\n\t\n\n\t<div id=\"text-873072013\" class=\"text\">\n\t\t\n\n<p><strong>TR83 0021 0000 0001 9340 4001 01<\/strong><\/p>\n\t\t\n<style>\n#text-873072013 {\n  font-size: 1rem;\n}\n@media (min-width:850px) {\n  #text-873072013 {\n    font-size: 1rem;\n  }\n}\n<\/style>\n\t<\/div>\n\t\n\n\t\t<\/div>\n\t<\/div>\n\t\n\t\n\n\t\t<\/div>\n\t\t\t\t\t<\/div>\n\n\t\n\n\t<div id=\"col-138993989\" class=\"col medium-4 small-12 large-4\"  >\n\t\t\t\t<div class=\"col-inner\" style=\"background-color:rgb(245, 245, 245);\" >\n\t\t\t\n\t\t\t\n\n\n\t\t<div class=\"icon-box featured-box icon-box-center text-center\"  >\n\t\t\t\t\t<div class=\"icon-box-img\" style=\"width: 160px\">\n\t\t\t\t<div class=\"icon\">\n\t\t\t\t\t<div class=\"icon-inner\" >\n\t\t\t\t\t\t<img loading=\"lazy\" decoding=\"async\" width=\"501\" height=\"291\" src=\"https:\/\/kuvarz.com\/wp-content\/uploads\/2022\/10\/vakif-katilim.png\" class=\"attachment-medium size-medium\" alt=\"\" \/>\t\t\t\t\t<\/div>\n\t\t\t\t<\/div>\n\t\t\t<\/div>\n\t\t\t\t<div class=\"icon-box-text last-reset\">\n\t\t\t\t\t\t\t\t\t\n\n\t<div id=\"text-74803928\" class=\"text\">\n\t\t\n\n<p>Vak\u0131f Kat\u0131l\u0131m Bankas\u0131 &#8211; <strong>EUR<\/strong><\/p>\n\t\t\n<style>\n#text-74803928 {\n  font-size: 1rem;\n}\n@media (min-width:850px) {\n  #text-74803928 {\n    font-size: 1.25rem;\n  }\n}\n<\/style>\n\t<\/div>\n\t\n\t<div id=\"gap-120375062\" class=\"gap-element clearfix\" style=\"display:block; height:auto;\">\n\t\t\n<style>\n#gap-120375062 {\n  padding-top: 10px;\n}\n<\/style>\n\t<\/div>\n\t\n\n\t<div id=\"text-2827795736\" class=\"text\">\n\t\t\n\n<p><strong>TR56 0021 0000 0001 9340 4001 02<\/strong><\/p>\n\t\t\n<style>\n#text-2827795736 {\n  font-size: 1rem;\n}\n@media (min-width:850px) {\n  #text-2827795736 {\n    font-size: 1rem;\n  }\n}\n<\/style>\n\t<\/div>\n\t\n\n\t\t<\/div>\n\t<\/div>\n\t\n\t\n\n\t\t<\/div>\n\t\t\t\t\t<\/div>\n\n\t\n\n\n<style>\n#row-2006848493 > .col > .col-inner {\n  padding: 30px 20px 30px 20px;\n  border-radius: 5px;\n}\n@media (min-width:850px) {\n  #row-2006848493 > .col > .col-inner {\n    padding: 70px 40px 70px 40px;\n  }\n}\n<\/style>\n<\/div>\n\n\t\t<\/div>\n\n\t\t\n<style>\n#section_1063662745 {\n  padding-top: 40px;\n  padding-bottom: 40px;\n}\n@media (min-width:550px) {\n  #section_1063662745 {\n    padding-top: 70px;\n    padding-bottom: 70px;\n  }\n}\n<\/style>\n\t<\/section>\n\t\n\n","protected":false},"excerpt":{"rendered":"","protected":false},"author":1,"featured_media":0,"parent":0,"menu_order":0,"comment_status":"closed","ping_status":"closed","template":"","meta":{"footnotes":""},"class_list":["post-3244","page","type-page","status-publish","hentry"],"_links":{"self":[{"href":"https:\/\/kuvarz.com\/en\/wp-json\/wp\/v2\/pages\/3244","targetHints":{"allow":["GET"]}}],"collection":[{"href":"https:\/\/kuvarz.com\/en\/wp-json\/wp\/v2\/pages"}],"about":[{"href":"https:\/\/kuvarz.com\/en\/wp-json\/wp\/v2\/types\/page"}],"author":[{"embeddable":true,"href":"https:\/\/kuvarz.com\/en\/wp-json\/wp\/v2\/users\/1"}],"replies":[{"embeddable":true,"href":"https:\/\/kuvarz.com\/en\/wp-json\/wp\/v2\/comments?post=3244"}],"version-history":[{"count":0,"href":"https:\/\/kuvarz.com\/en\/wp-json\/wp\/v2\/pages\/3244\/revisions"}],"wp:attachment":[{"href":"https:\/\/kuvarz.com\/en\/wp-json\/wp\/v2\/media?parent=3244"}],"curies":[{"name":"wp","href":"https:\/\/api.w.org\/{rel}","templated":true}]}}